{"id":102,"date":"2018-10-30T11:28:42","date_gmt":"2018-10-30T10:28:42","guid":{"rendered":"https:\/\/bartolinihome.it\/?page_id=102"},"modified":"2022-04-14T12:29:36","modified_gmt":"2022-04-14T10:29:36","slug":"home","status":"publish","type":"page","link":"https:\/\/bartolinihome.it\/de\/","title":{"rendered":"Home"},"content":{"rendered":"<div class=\"row full-width page-title white-txt\" id=\"\" style=\"background-image:url(https:\/\/bartolinihome.it\/wp-content\/uploads\/2018\/10\/bg-title.jpg); background-color:;\"><div class=\"row-inner\" style=\"padding-top:100px;padding-bottom:80px;\">\n<h1 style=\"text-align: center;\">BARTOLINI HOME<\/h1>\n<h3 style=\"text-align: center;\">Stoffproduktion aus Italien<\/h3>\n <div class=\"clear\"><\/div><\/div><\/div><div class=\"row full-width same-height mob-flex-reverse\" id=\"\" style=\"background-image:url(); background-color:;\"><div class=\"row-inner\" style=\"padding-top:0px;padding-bottom:0px;\">\n<div id=\"\" class=\"columns column_1-2 image \" style=\" background-color:; background-image:url(); padding-top:;  padding-bottom:; padding-left:; padding-right:;\">\n<p><img loading=\"lazy\" decoding=\"async\" class=\"alignnone wp-image-15 size-full\" src=\"https:\/\/bartolinihome.it\/wp-content\/uploads\/2018\/10\/Fiera-Heimtextil.jpeg\" alt=\"\" width=\"1000\" height=\"750\" srcset=\"https:\/\/bartolinihome.it\/wp-content\/uploads\/2018\/10\/Fiera-Heimtextil.jpeg 1000w, https:\/\/bartolinihome.it\/wp-content\/uploads\/2018\/10\/Fiera-Heimtextil-300x225.jpeg 300w, https:\/\/bartolinihome.it\/wp-content\/uploads\/2018\/10\/Fiera-Heimtextil-768x576.jpeg 768w\" sizes=\"auto, (max-width: 1000px) 100vw, 1000px\" \/><\/p>\n<\/div><div id=\"\" class=\"columns column_1-2  \" style=\" background-color:#f3f3f3; background-image:url(); padding-top:20px;  padding-bottom:20px; padding-left:20px; padding-right:15%;\">\n<h2>\u00dcber uns<\/h2>\n<p><strong>Bartolini Home<\/strong> ist ein Hersteller von M\u00f6bel- und Dekostoffen, der sowohl auf dem nationalen als auch auf dem <strong>internationalen Markt<\/strong> t\u00e4tig ist und dank der Produkte <strong>made in Italy.<\/strong>\u00a0Durch die Kombination von <strong>Kreativit\u00e4t<\/strong> und <strong>Qualit\u00e4t<\/strong> entwickelt e<strong>xklusive Materialien<\/strong>, die eine hohe Leistung in allen Anwendungen erm\u00f6glichen.<\/p>\n<\/div> <div class=\"clear\"><\/div><\/div><\/div><div class=\"row full-width same-height reverse\" id=\"\" style=\"background-image:url(); background-color:;\"><div class=\"row-inner\" style=\"padding-top:0px;padding-bottom:0px;\"><div id=\"\" class=\"columns column_1-2 text-right \" style=\" background-color:#f3f3f3; background-image:url(); padding-top:20px;  padding-bottom:20px; padding-left:15%; padding-right:20px;\">\n<h2>Unsere Philosophie<\/h2>\n<p>Unser Unternehmen besteht aus Menschen, die eine <strong>starke Leidenschaft<\/strong> mit einem tiefen <strong>Wissen<\/strong> \u00fcber <strong>Materialien verbinden<\/strong>, um die Bed\u00fcrfnisse von <strong>Innovation<\/strong> und <strong>Wettbewerbs-f\u00e4higkeit<\/strong> der Kunden zu erf\u00fcllen.<\/p>\n<p>Wir besitzen die F\u00e4higkeit, Produkte nach einem <strong>kundenorientierten Ansatz<\/strong> zu erstellen, indem die Wahrnehmung und das Wissen \u00fcber ihre Bed\u00fcrfnisse und W\u00fcnsche in den Mittelpunkt der Entscheidungen gestellt werden. Dies geschieht auch Dank eines st\u00e4ndigen Dialogs, der uns in die Lage versetzt, <strong>neue Ideen<\/strong> und <strong>individuelle L\u00f6sungen zu entwickeln<\/strong>.<\/p>\n<\/div><div id=\"\" class=\"columns column_1-2 bg-image \" style=\" background-color:; background-image:url(); padding-top:;  padding-bottom:; padding-left:; padding-right:;\">\n<p><img loading=\"lazy\" decoding=\"async\" class=\"alignnone wp-image-28 size-full\" src=\"https:\/\/bartolinihome.it\/wp-content\/uploads\/2018\/10\/Tessuti-1.jpg\" alt=\"\" width=\"1000\" height=\"750\" srcset=\"https:\/\/bartolinihome.it\/wp-content\/uploads\/2018\/10\/Tessuti-1.jpg 1000w, https:\/\/bartolinihome.it\/wp-content\/uploads\/2018\/10\/Tessuti-1-300x225.jpg 300w, https:\/\/bartolinihome.it\/wp-content\/uploads\/2018\/10\/Tessuti-1-768x576.jpg 768w\" sizes=\"auto, (max-width: 1000px) 100vw, 1000px\" \/><\/p>\n<\/div> <div class=\"clear\"><\/div><\/div><\/div><div class=\"row full-width same-height mob-flex-reverse\" id=\"\" style=\"background-image:url(); background-color:;\"><div class=\"row-inner\" style=\"padding-top:0px;padding-bottom:0px;\"><div id=\"\" class=\"columns column_1-2 bg-image \" style=\" background-color:; background-image:url(); padding-top:;  padding-bottom:; padding-left:; padding-right:;\">\n<p><img loading=\"lazy\" decoding=\"async\" class=\"alignnone wp-image-27 size-full\" src=\"https:\/\/bartolinihome.it\/wp-content\/uploads\/2018\/10\/showroom.jpg\" alt=\"\" width=\"1000\" height=\"750\" srcset=\"https:\/\/bartolinihome.it\/wp-content\/uploads\/2018\/10\/showroom.jpg 1000w, https:\/\/bartolinihome.it\/wp-content\/uploads\/2018\/10\/showroom-300x225.jpg 300w, https:\/\/bartolinihome.it\/wp-content\/uploads\/2018\/10\/showroom-768x576.jpg 768w\" sizes=\"auto, (max-width: 1000px) 100vw, 1000px\" \/><\/p>\n<\/div><div id=\"\" class=\"columns column_1-2  \" style=\" background-color:#f3f3f3; background-image:url(); padding-top:20px;  padding-bottom:20px; padding-left:20px; padding-right:15%;\">\n<h2>Struktur<\/h2>\n<p>Mit Blick auf die Zukunft arbeiten wir <strong>fortlaufend<\/strong> an dem Design und der Entwicklung<br \/>\n<strong>neuer Kollektionen<\/strong> und <strong>konzentrieren<\/strong> uns dabei auf die wichtigen Messen, wie z.B. die <strong>Heimtextil<\/strong> in Frankfurt\/Main oder die <strong>Proposte<\/strong> in Como\/Italien, auf denen <strong>Bartolini Home<\/strong> die <strong>Neuheiten<\/strong> den Editeuren, Gro\u00dfh\u00e4ndlern und Herstellern von Polsterm\u00f6beln pr\u00e4sentiert.<\/p>\n<p>Eine <strong>flexible und dynamische Struktur<\/strong> bietet uns die M\u00f6glichkeit, exklusive spezifische L\u00f6sungen zu realisieren. Wir stellen unseren Kunden das vorhandene <strong>Know-how<\/strong> und die <strong>F\u00e4higkeiten<\/strong> des <strong>Personals<\/strong> zur Verf\u00fcgung, um individuelle <strong>Kundenw\u00fcnsche<\/strong> zu erf\u00fcllen und begleiten Schritt f\u00fcr Schritt die gesamte <strong>Produktentwicklung<\/strong>.<\/p>\n<\/div> <div class=\"clear\"><\/div><\/div><\/div><div class=\"row fair\" id=\"\" style=\"background-image:url(); background-color:;\"><div class=\"row-inner\" style=\"padding-top:60px;padding-bottom:40px;\"><div id=\"\" class=\"columns column_1-1 last\">\n<h3 style=\"text-align: center;\">MESSEN<\/h3>\n<\/div><div class=\"columns column_1-4 \"><\/div><div class=\"columns column_1-4 \">\n<p><img loading=\"lazy\" decoding=\"async\" class=\"alignnone wp-image-116 size-full\" src=\"https:\/\/bartolinihome.it\/wp-content\/uploads\/2018\/11\/heimtextil.jpg\" alt=\"heimtextil\" width=\"400\" height=\"300\" srcset=\"https:\/\/bartolinihome.it\/wp-content\/uploads\/2018\/11\/heimtextil.jpg 400w, https:\/\/bartolinihome.it\/wp-content\/uploads\/2018\/11\/heimtextil-300x225.jpg 300w\" sizes=\"auto, (max-width: 400px) 100vw, 400px\" \/><\/p>\n<p><strong>Heimtextil<\/strong><br \/>\n21. \u2013 24. Juni 2022<br \/>\nFrankfurt am Main<\/p>\n<\/div><div class=\"columns column_1-4 \">\n<p><img loading=\"lazy\" decoding=\"async\" class=\"alignnone size-full wp-image-152\" src=\"https:\/\/bartolinihome.it\/wp-content\/uploads\/2018\/12\/proposte.jpg\" alt=\"proposte\" width=\"400\" height=\"300\" srcset=\"https:\/\/bartolinihome.it\/wp-content\/uploads\/2018\/12\/proposte.jpg 400w, https:\/\/bartolinihome.it\/wp-content\/uploads\/2018\/12\/proposte-300x225.jpg 300w\" sizes=\"auto, (max-width: 400px) 100vw, 400px\" \/><\/p>\n<p><strong>Proposte<\/strong><br \/>\n25. &#8211; 28.\u00a0 April 2022<br \/>\nHotel Giardino<br \/>\nVia Regina, 73<br \/>\n22012 Cernobbio<\/p>\n<\/div><div class=\"columns column_1-4 last\"><\/div> <div class=\"clear\"><\/div><\/div><\/div>\n","protected":false},"excerpt":{"rendered":"","protected":false},"author":1,"featured_media":0,"parent":0,"menu_order":0,"comment_status":"closed","ping_status":"closed","template":"full-width.php","meta":{"footnotes":""},"class_list":["post-102","page","type-page","status-publish","hentry"],"yoast_head":"<!-- This site is optimized with the Yoast SEO plugin v27.5 - https:\/\/yoast.com\/product\/yoast-seo-wordpress\/ -->\n<title>Home - Bartolini Home<\/title>\n<meta name=\"robots\" content=\"index, follow, max-snippet:-1, max-image-preview:large, max-video-preview:-1\" \/>\n<link rel=\"canonical\" href=\"https:\/\/bartolinihome.it\/de\/\" \/>\n<meta property=\"og:locale\" content=\"de_DE\" \/>\n<meta property=\"og:type\" content=\"article\" \/>\n<meta property=\"og:title\" content=\"Home - Bartolini Home\" \/>\n<meta property=\"og:url\" content=\"https:\/\/bartolinihome.it\/de\/\" \/>\n<meta property=\"og:site_name\" content=\"Bartolini Home\" \/>\n<meta property=\"article:modified_time\" content=\"2022-04-14T10:29:36+00:00\" \/>\n<meta property=\"og:image\" content=\"https:\/\/bartolinihome.it\/wp-content\/uploads\/2018\/10\/Fiera-Heimtextil.jpeg\" \/>\n<meta name=\"twitter:card\" content=\"summary_large_image\" \/>\n<meta name=\"twitter:label1\" content=\"Gesch\u00e4tzte Lesezeit\" \/>\n\t<meta name=\"twitter:data1\" content=\"3\u00a0Minuten\" \/>\n<script type=\"application\/ld+json\" class=\"yoast-schema-graph\">{\"@context\":\"https:\\\/\\\/schema.org\",\"@graph\":[{\"@type\":\"WebPage\",\"@id\":\"https:\\\/\\\/bartolinihome.it\\\/de\\\/\",\"url\":\"https:\\\/\\\/bartolinihome.it\\\/de\\\/\",\"name\":\"Home - Bartolini Home\",\"isPartOf\":{\"@id\":\"https:\\\/\\\/bartolinihome.it\\\/#website\"},\"primaryImageOfPage\":{\"@id\":\"https:\\\/\\\/bartolinihome.it\\\/de\\\/#primaryimage\"},\"image\":{\"@id\":\"https:\\\/\\\/bartolinihome.it\\\/de\\\/#primaryimage\"},\"thumbnailUrl\":\"https:\\\/\\\/bartolinihome.it\\\/wp-content\\\/uploads\\\/2018\\\/10\\\/Fiera-Heimtextil.jpeg\",\"datePublished\":\"2018-10-30T10:28:42+00:00\",\"dateModified\":\"2022-04-14T10:29:36+00:00\",\"breadcrumb\":{\"@id\":\"https:\\\/\\\/bartolinihome.it\\\/de\\\/#breadcrumb\"},\"inLanguage\":\"de\",\"potentialAction\":[{\"@type\":\"ReadAction\",\"target\":[\"https:\\\/\\\/bartolinihome.it\\\/de\\\/\"]}]},{\"@type\":\"ImageObject\",\"inLanguage\":\"de\",\"@id\":\"https:\\\/\\\/bartolinihome.it\\\/de\\\/#primaryimage\",\"url\":\"https:\\\/\\\/bartolinihome.it\\\/wp-content\\\/uploads\\\/2018\\\/10\\\/Fiera-Heimtextil.jpeg\",\"contentUrl\":\"https:\\\/\\\/bartolinihome.it\\\/wp-content\\\/uploads\\\/2018\\\/10\\\/Fiera-Heimtextil.jpeg\"},{\"@type\":\"BreadcrumbList\",\"@id\":\"https:\\\/\\\/bartolinihome.it\\\/de\\\/#breadcrumb\",\"itemListElement\":[{\"@type\":\"ListItem\",\"position\":1,\"name\":\"Home\",\"item\":\"https:\\\/\\\/bartolinihome.it\\\/de\\\/\"},{\"@type\":\"ListItem\",\"position\":2,\"name\":\"Home\"}]},{\"@type\":\"WebSite\",\"@id\":\"https:\\\/\\\/bartolinihome.it\\\/#website\",\"url\":\"https:\\\/\\\/bartolinihome.it\\\/\",\"name\":\"Bartolini Home\",\"description\":\"\",\"potentialAction\":[{\"@type\":\"SearchAction\",\"target\":{\"@type\":\"EntryPoint\",\"urlTemplate\":\"https:\\\/\\\/bartolinihome.it\\\/?s={search_term_string}\"},\"query-input\":{\"@type\":\"PropertyValueSpecification\",\"valueRequired\":true,\"valueName\":\"search_term_string\"}}],\"inLanguage\":\"de\"}]}<\/script>\n<!-- \/ Yoast SEO plugin. -->","yoast_head_json":{"title":"Home - Bartolini Home","robots":{"index":"index","follow":"follow","max-snippet":"max-snippet:-1","max-image-preview":"max-image-preview:large","max-video-preview":"max-video-preview:-1"},"canonical":"https:\/\/bartolinihome.it\/de\/","og_locale":"de_DE","og_type":"article","og_title":"Home - Bartolini Home","og_url":"https:\/\/bartolinihome.it\/de\/","og_site_name":"Bartolini Home","article_modified_time":"2022-04-14T10:29:36+00:00","og_image":[{"url":"https:\/\/bartolinihome.it\/wp-content\/uploads\/2018\/10\/Fiera-Heimtextil.jpeg","type":"","width":"","height":""}],"twitter_card":"summary_large_image","twitter_misc":{"Gesch\u00e4tzte Lesezeit":"3\u00a0Minuten"},"schema":{"@context":"https:\/\/schema.org","@graph":[{"@type":"WebPage","@id":"https:\/\/bartolinihome.it\/de\/","url":"https:\/\/bartolinihome.it\/de\/","name":"Home - Bartolini Home","isPartOf":{"@id":"https:\/\/bartolinihome.it\/#website"},"primaryImageOfPage":{"@id":"https:\/\/bartolinihome.it\/de\/#primaryimage"},"image":{"@id":"https:\/\/bartolinihome.it\/de\/#primaryimage"},"thumbnailUrl":"https:\/\/bartolinihome.it\/wp-content\/uploads\/2018\/10\/Fiera-Heimtextil.jpeg","datePublished":"2018-10-30T10:28:42+00:00","dateModified":"2022-04-14T10:29:36+00:00","breadcrumb":{"@id":"https:\/\/bartolinihome.it\/de\/#breadcrumb"},"inLanguage":"de","potentialAction":[{"@type":"ReadAction","target":["https:\/\/bartolinihome.it\/de\/"]}]},{"@type":"ImageObject","inLanguage":"de","@id":"https:\/\/bartolinihome.it\/de\/#primaryimage","url":"https:\/\/bartolinihome.it\/wp-content\/uploads\/2018\/10\/Fiera-Heimtextil.jpeg","contentUrl":"https:\/\/bartolinihome.it\/wp-content\/uploads\/2018\/10\/Fiera-Heimtextil.jpeg"},{"@type":"BreadcrumbList","@id":"https:\/\/bartolinihome.it\/de\/#breadcrumb","itemListElement":[{"@type":"ListItem","position":1,"name":"Home","item":"https:\/\/bartolinihome.it\/de\/"},{"@type":"ListItem","position":2,"name":"Home"}]},{"@type":"WebSite","@id":"https:\/\/bartolinihome.it\/#website","url":"https:\/\/bartolinihome.it\/","name":"Bartolini Home","description":"","potentialAction":[{"@type":"SearchAction","target":{"@type":"EntryPoint","urlTemplate":"https:\/\/bartolinihome.it\/?s={search_term_string}"},"query-input":{"@type":"PropertyValueSpecification","valueRequired":true,"valueName":"search_term_string"}}],"inLanguage":"de"}]}},"_links":{"self":[{"href":"https:\/\/bartolinihome.it\/de\/wp-json\/wp\/v2\/pages\/102","targetHints":{"allow":["GET"]}}],"collection":[{"href":"https:\/\/bartolinihome.it\/de\/wp-json\/wp\/v2\/pages"}],"about":[{"href":"https:\/\/bartolinihome.it\/de\/wp-json\/wp\/v2\/types\/page"}],"author":[{"embeddable":true,"href":"https:\/\/bartolinihome.it\/de\/wp-json\/wp\/v2\/users\/1"}],"replies":[{"embeddable":true,"href":"https:\/\/bartolinihome.it\/de\/wp-json\/wp\/v2\/comments?post=102"}],"version-history":[{"count":22,"href":"https:\/\/bartolinihome.it\/de\/wp-json\/wp\/v2\/pages\/102\/revisions"}],"predecessor-version":[{"id":223,"href":"https:\/\/bartolinihome.it\/de\/wp-json\/wp\/v2\/pages\/102\/revisions\/223"}],"wp:attachment":[{"href":"https:\/\/bartolinihome.it\/de\/wp-json\/wp\/v2\/media?parent=102"}],"curies":[{"name":"wp","href":"https:\/\/api.w.org\/{rel}","templated":true}]}}